{"id":2057,"date":"2026-03-06T15:25:07","date_gmt":"2026-03-06T15:25:07","guid":{"rendered":"https:\/\/restaurant-a2.com\/fichiers\/?page_id=2057"},"modified":"2026-04-10T07:01:48","modified_gmt":"2026-04-10T07:01:48","slug":"cote-cafe","status":"publish","type":"page","link":"https:\/\/restaurant-a2.com\/fichiers\/cote-cafe\/","title":{"rendered":"Cot\u00e9 caf\u00e9"},"content":{"rendered":"\t\t<div data-elementor-type=\"wp-page\" data-elementor-id=\"2057\" class=\"elementor elementor-2057\">\n\t\t\t\t\t\t<section class=\"elementor-section elementor-top-section elementor-element elementor-element-7c97f99 elementor-section-boxed elementor-section-height-default elementor-section-height-default\" data-id=\"7c97f99\" data-element_type=\"section\" data-e-type=\"section\" data-settings=\"{&quot;background_background&quot;:&quot;classic&quot;}\">\n\t\t\t\t\t\t<div class=\"elementor-container elementor-column-gap-default\">\n\t\t\t\t\t<div class=\"elementor-column elementor-col-50 elementor-top-column elementor-element elementor-element-104e9b7\" data-id=\"104e9b7\" data-element_type=\"column\" data-e-type=\"column\">\n\t\t\t<div class=\"elementor-widget-wrap elementor-element-populated\">\n\t\t\t\t\t\t<div class=\"elementor-element elementor-element-f84e34f elementor-widget elementor-widget-delicios-title\" data-id=\"f84e34f\" data-element_type=\"widget\" data-e-type=\"widget\" data-widget_type=\"delicios-title.default\">\n\t\t\t\t<div class=\"elementor-widget-container\">\n\t\t\t\t\t\n\t\t<div class=\"ts-section-title title-center\">\n\t\t\t<h2 class=\"section-title \">\n\t\t\t\tCot\u00e9 <span>Caf\u00e9<\/span>\t\t\t<\/h2>\n\t\t\t\t\t\t\t\t\t\t<div class=\"title-bar\">\n\t\t\t\t\t<span class=\"title-left-bar\"><\/span>\n\t\t\t\t\t<span class=\"title-middle-bar\"><\/span>\n\t\t\t\t\t<span class=\"title-right-bar\"><\/span>\n\t\t\t\t<\/div>\n\t\t\t\n\t\t<\/div>\n\n\t\t\t\t<\/div>\n\t\t\t\t<\/div>\n\t\t\t\t<div class=\"elementor-element elementor-element-169f228 elementor-widget elementor-widget-heading\" data-id=\"169f228\" data-element_type=\"widget\" data-e-type=\"widget\" data-widget_type=\"heading.default\">\n\t\t\t\t<div class=\"elementor-widget-container\">\n\t\t\t\t\t<h2 class=\"elementor-heading-title elementor-size-default\">de 10:00 \u00e0 12:00<\/br>\net de 14:00 \u00e0 17:00<\/h2>\t\t\t\t<\/div>\n\t\t\t\t<\/div>\n\t\t\t\t<div class=\"elementor-element elementor-element-6114f33 elementor-widget elementor-widget-text-editor\" data-id=\"6114f33\" data-element_type=\"widget\" data-e-type=\"widget\" data-widget_type=\"text-editor.default\">\n\t\t\t\t<div class=\"elementor-widget-container\">\n\t\t\t\t\t\t\t\t\t<p style=\"text-align: center;\">du lundi au samedi, A2 ouvre ses portes<br \/>pour un moment tout en douceur autour d\u2019un <strong data-start=\"208\" data-end=\"216\">caf\u00e9<\/strong>.<\/p><p data-start=\"219\" data-end=\"382\">Prenez le temps de vous installer et accompagnez votre boisson d\u2019un croissant ou d&rsquo;une <strong data-start=\"289\" data-end=\"333\">patisserie maison <br \/><\/strong>pr\u00e9par\u00e9s sur place selon l\u2019inspiration du jour.<\/p><p data-start=\"384\" data-end=\"497\">Un moment simple et gourmand, id\u00e9al pour <strong data-start=\"425\" data-end=\"496\">d\u00e9marrer la journ\u00e9e, faire une pause ou partager un caf\u00e9 entre amis<\/strong>.<\/p>\t\t\t\t\t\t\t\t<\/div>\n\t\t\t\t<\/div>\n\t\t\t\t\t<\/div>\n\t\t<\/div>\n\t\t\t\t<div class=\"elementor-column elementor-col-50 elementor-top-column elementor-element elementor-element-df24932\" data-id=\"df24932\" data-element_type=\"column\" data-e-type=\"column\" data-settings=\"{&quot;background_background&quot;:&quot;classic&quot;}\">\n\t\t\t<div class=\"elementor-widget-wrap elementor-element-populated\">\n\t\t\t\t\t\t<div class=\"elementor-element elementor-element-102256f elementor-widget elementor-widget-image\" data-id=\"102256f\" data-element_type=\"widget\" data-e-type=\"widget\" data-widget_type=\"image.default\">\n\t\t\t\t<div class=\"elementor-widget-container\">\n\t\t\t\t\t\t\t\t\t\t\t\t\t\t\t<img fetchpriority=\"high\" decoding=\"async\" width=\"702\" height=\"817\" src=\"https:\/\/restaurant-a2.com\/fichiers\/wp-content\/uploads\/2019\/06\/flavour_image.jpg\" class=\"elementor-animation-float attachment-full size-full wp-image-897\" alt=\"\" srcset=\"https:\/\/restaurant-a2.com\/fichiers\/wp-content\/uploads\/2019\/06\/flavour_image.jpg 702w, https:\/\/restaurant-a2.com\/fichiers\/wp-content\/uploads\/2019\/06\/flavour_image-258x300.jpg 258w\" sizes=\"(max-width: 702px) 100vw, 702px\" \/>\t\t\t\t\t\t\t\t\t\t\t\t\t\t\t<\/div>\n\t\t\t\t<\/div>\n\t\t\t\t\t<\/div>\n\t\t<\/div>\n\t\t\t\t\t<\/div>\n\t\t<\/section>\n\t\t\t\t<section class=\"elementor-section elementor-top-section elementor-element elementor-element-69a8363 elementor-section-boxed elementor-section-height-default elementor-section-height-default\" data-id=\"69a8363\" data-element_type=\"section\" data-e-type=\"section\" data-settings=\"{&quot;background_background&quot;:&quot;classic&quot;}\">\n\t\t\t\t\t\t<div class=\"elementor-container elementor-column-gap-default\">\n\t\t\t\t\t<div class=\"elementor-column elementor-col-100 elementor-top-column elementor-element elementor-element-f17fbb8\" data-id=\"f17fbb8\" data-element_type=\"column\" data-e-type=\"column\">\n\t\t\t<div class=\"elementor-widget-wrap elementor-element-populated\">\n\t\t\t\t\t\t<div class=\"elementor-element elementor-element-cd85017 elementor-widget elementor-widget-delicios-title\" data-id=\"cd85017\" data-element_type=\"widget\" data-e-type=\"widget\" data-widget_type=\"delicios-title.default\">\n\t\t\t\t<div class=\"elementor-widget-container\">\n\t\t\t\t\t\n\t\t<div class=\"ts-section-title title-center\">\n\t\t\t<h2 class=\"section-title title-border\">\n\t\t\t\tPetit tour sur la carte ...\t\t\t<\/h2>\n\t\t\t\t\t\t\n\t\t<\/div>\n\n\t\t\t\t<\/div>\n\t\t\t\t<\/div>\n\t\t\t\t<div class=\"elementor-element elementor-element-1849787 elementor-widget elementor-widget-delicios-food-menu\" data-id=\"1849787\" data-element_type=\"widget\" data-e-type=\"widget\" data-widget_type=\"delicios-food-menu.default\">\n\t\t\t\t<div class=\"elementor-widget-container\">\n\t\t\t\t\t                   \n                        <div class=\"row menu-section\"> \n                                 <div class=\"menu-block col-xs-12 col-md-6 col-sm-6\"> \n                     <div class=\"inner-box\"> \n                                                   <span class=\"menu-tag\">\n                                                         <\/span>\n                                                <div class=\"info clearfix\">\n                              <h3 class=\"post-title pull-left\">\n                                 D\u00e9couvrez nos offres d\u00e9s le 1er mai                              <\/h3> \n                              <h3 class=\"price pull-right\"><i> <\/i> <\/h3>\n                                 \n                        <\/div>\n                        <p class=\"ingradien-text\"> \n                                                   <\/p>\n                     <\/div>\n                  <\/div>\n                                             <\/div>\n\n                   \n           \n      \t\t\t\t<\/div>\n\t\t\t\t<\/div>\n\t\t\t\t\t<\/div>\n\t\t<\/div>\n\t\t\t\t\t<\/div>\n\t\t<\/section>\n\t\t\t\t<\/div>\n\t\t","protected":false},"excerpt":{"rendered":"<p>Cot\u00e9 Caf\u00e9 de 10:00 \u00e0 12:00 et de 14:00 \u00e0 17:00 du lundi au samedi, A2 ouvre ses portespour un moment tout en douceur autour d\u2019un caf\u00e9. Prenez le temps de vous installer et accompagnez votre boisson d\u2019un croissant ou d&rsquo;une patisserie maison pr\u00e9par\u00e9s sur place selon l\u2019inspiration du jour. Un moment simple et gourmand, [&hellip;]<\/p>\n","protected":false},"author":1,"featured_media":0,"parent":0,"menu_order":0,"comment_status":"closed","ping_status":"closed","template":"template\/full-width-template.php","meta":{"footnotes":""},"class_list":["post-2057","page","type-page","status-publish","hentry"],"_links":{"self":[{"href":"https:\/\/restaurant-a2.com\/fichiers\/wp-json\/wp\/v2\/pages\/2057","targetHints":{"allow":["GET"]}}],"collection":[{"href":"https:\/\/restaurant-a2.com\/fichiers\/wp-json\/wp\/v2\/pages"}],"about":[{"href":"https:\/\/restaurant-a2.com\/fichiers\/wp-json\/wp\/v2\/types\/page"}],"author":[{"embeddable":true,"href":"https:\/\/restaurant-a2.com\/fichiers\/wp-json\/wp\/v2\/users\/1"}],"replies":[{"embeddable":true,"href":"https:\/\/restaurant-a2.com\/fichiers\/wp-json\/wp\/v2\/comments?post=2057"}],"version-history":[{"count":98,"href":"https:\/\/restaurant-a2.com\/fichiers\/wp-json\/wp\/v2\/pages\/2057\/revisions"}],"predecessor-version":[{"id":2556,"href":"https:\/\/restaurant-a2.com\/fichiers\/wp-json\/wp\/v2\/pages\/2057\/revisions\/2556"}],"wp:attachment":[{"href":"https:\/\/restaurant-a2.com\/fichiers\/wp-json\/wp\/v2\/media?parent=2057"}],"curies":[{"name":"wp","href":"https:\/\/api.w.org\/{rel}","templated":true}]}}