{"id":65,"date":"2019-05-27T05:42:26","date_gmt":"2019-05-27T05:42:26","guid":{"rendered":"https:\/\/restaurant-a2.com\/fichiers\/?page_id=65"},"modified":"2026-04-11T06:58:13","modified_gmt":"2026-04-11T06:58:13","slug":"home-1","status":"publish","type":"page","link":"https:\/\/restaurant-a2.com\/fichiers\/","title":{"rendered":"Home 1"},"content":{"rendered":"\t\t<div data-elementor-type=\"wp-post\" data-elementor-id=\"65\" class=\"elementor elementor-65\">\n\t\t\t\t\t\t<section class=\"elementor-section elementor-top-section elementor-element elementor-element-df64513 elementor-section-full_width elementor-section-height-default elementor-section-height-default\" data-id=\"df64513\" data-element_type=\"section\" data-e-type=\"section\">\n\t\t\t\t\t\t<div class=\"elementor-container elementor-column-gap-no\">\n\t\t\t\t\t<div class=\"elementor-column elementor-col-100 elementor-top-column elementor-element elementor-element-a50aa21\" data-id=\"a50aa21\" data-element_type=\"column\" data-e-type=\"column\">\n\t\t\t<div class=\"elementor-widget-wrap elementor-element-populated\">\n\t\t\t\t\t\t<div class=\"elementor-element elementor-element-4f34286 elementor-widget elementor-widget-delicios-slider\" data-id=\"4f34286\" data-element_type=\"widget\" data-e-type=\"widget\" data-widget_type=\"delicios-slider.default\">\n\t\t\t\t<div class=\"elementor-widget-container\">\n\t\t\t\t\t\n        <div class=\"hero-area owl-carousel owl-theme\" data-controls=\"{&quot;show_nav&quot;:false,&quot;dot_nav_show&quot;:&quot;yes&quot;,&quot;auto_nav_slide&quot;:&quot;yes&quot;}\">\n            \n                <div class=\"slider-item\" style=\"background-image:url(https:\/\/restaurant-a2.com\/fichiers\/wp-content\/uploads\/2026\/04\/slider_image01-3-fondu.jpg)\">\n                    <div class=\"slider-table\">\n                        <div class=\"slider-table-cell\">\n                            <div class=\"container\">\n                                <div class=\"row \">\n                                    <div class=\"col-lg-12 mx-auto text-center\">\n                                        <div class=\"slider-content\">\n                                                                                        <h2 class=\"slider-title\">\n                                                A2                                             <\/h2>\n                                                                                            <p class=\"slider-info\">\n                                                                                                        BISTROT GOURMAND                                                                                                    <\/p>\n                                                                                                                                        <div class=\"slider-btn-area\">\n                                                    <a href=\"\" class=\"btn btn-primary\">\n                                                                                                            <\/a>\n                                                <\/div>\n                                                                                    <\/div>\n                                    <\/div><!-- col end-->\n                                <\/div><!-- row end-->\n                            <\/div>\n                            <!-- Container end -->\n                        <\/div>\n                    <\/div>\n                <\/div>\n\n                    <\/div>\n\n\n\n\t\t\t\t<\/div>\n\t\t\t\t<\/div>\n\t\t\t\t\t<\/div>\n\t\t<\/div>\n\t\t\t\t\t<\/div>\n\t\t<\/section>\n\t\t\t\t<section class=\"elementor-section elementor-top-section elementor-element elementor-element-78d3882 intro-box-content elementor-section-boxed elementor-section-height-default elementor-section-height-default\" data-id=\"78d3882\" data-element_type=\"section\" data-e-type=\"section\">\n\t\t\t\t\t\t<div class=\"elementor-container elementor-column-gap-default\">\n\t\t\t\t\t<div class=\"elementor-column elementor-col-33 elementor-top-column elementor-element elementor-element-a706682 elementor-invisible\" data-id=\"a706682\" data-element_type=\"column\" data-e-type=\"column\" data-settings=\"{&quot;animation&quot;:&quot;fadeInUp&quot;,&quot;animation_delay&quot;:300}\">\n\t\t\t<div class=\"elementor-widget-wrap elementor-element-populated\">\n\t\t\t\t\t\t<div class=\"elementor-element elementor-element-e68b127 elementor-widget elementor-widget-delicios-feature\" data-id=\"e68b127\" data-element_type=\"widget\" data-e-type=\"widget\" data-widget_type=\"delicios-feature.default\">\n\t\t\t\t<div class=\"elementor-widget-container\">\n\t\t\t\t\t \n    \n\t\t<div class=\"single-intro-text\">\n\t\t\t<div class=\"intro-content\">\n\t\t\t\t<i class=\"\"><\/i>\n\t\t\t\t<h3 class=\"ts-title\">Calme &amp;  <span>D\u00e9tente<\/span> <\/h3>\n\t\t\t\t<p>\n\t\t\t\t\tUn espace cocooning, chaleureux et contemporain pour votre d\u00e9jeuner, votre pause caf\u00e9\/th\u00e9, un afterwork autour d'une planche ou de tapas.\t\t\t\t<\/p>\n\t\t\t<\/div>\n         <div class=\"feature-bg\">\n           <span class=\"icon icon-funfact_icon1\"><\/span>   \n         <\/div>  \n\t\t<\/div><!-- single intro text end-->\n\n\n    \n\n\t\n    \n    \t\t\t\t<\/div>\n\t\t\t\t<\/div>\n\t\t\t\t\t<\/div>\n\t\t<\/div>\n\t\t\t\t<div class=\"elementor-column elementor-col-33 elementor-top-column elementor-element elementor-element-091447d elementor-invisible\" data-id=\"091447d\" data-element_type=\"column\" data-e-type=\"column\" data-settings=\"{&quot;animation&quot;:&quot;fadeInUp&quot;,&quot;animation_delay&quot;:350}\">\n\t\t\t<div class=\"elementor-widget-wrap elementor-element-populated\">\n\t\t\t\t\t\t<div class=\"elementor-element elementor-element-55c35a9 elementor-widget elementor-widget-delicios-feature\" data-id=\"55c35a9\" data-element_type=\"widget\" data-e-type=\"widget\" data-widget_type=\"delicios-feature.default\">\n\t\t\t\t<div class=\"elementor-widget-container\">\n\t\t\t\t\t \n    \n\t\t<div class=\"single-intro-text\">\n\t\t\t<div class=\"intro-content\">\n\t\t\t\t<i class=\"\"><\/i>\n\t\t\t\t<h3 class=\"ts-title\">Qualit\u00e9 &amp; <span>Engagement<\/span><\/h3>\n\t\t\t\t<p>\n\t\t\t\t\tUne cuisine pens\u00e9e pour le partage dans le respect de produits issus d'une d\u00e9marche locale, authentique et saisonni\u00e8re.\t\t\t\t<\/p>\n\t\t\t<\/div>\n         <div class=\"feature-bg\">\n           <span class=\"icon icon-feature_icon21\"><\/span>   \n         <\/div>  \n\t\t<\/div><!-- single intro text end-->\n\n\n    \n\n\t\n    \n    \t\t\t\t<\/div>\n\t\t\t\t<\/div>\n\t\t\t\t\t<\/div>\n\t\t<\/div>\n\t\t\t\t<div class=\"elementor-column elementor-col-33 elementor-top-column elementor-element elementor-element-de045da elementor-invisible\" data-id=\"de045da\" data-element_type=\"column\" data-e-type=\"column\" data-settings=\"{&quot;animation&quot;:&quot;fadeInUp&quot;,&quot;animation_delay&quot;:400}\">\n\t\t\t<div class=\"elementor-widget-wrap elementor-element-populated\">\n\t\t\t\t\t\t<div class=\"elementor-element elementor-element-d41292a elementor-widget elementor-widget-delicios-feature\" data-id=\"d41292a\" data-element_type=\"widget\" data-e-type=\"widget\" data-widget_type=\"delicios-feature.default\">\n\t\t\t\t<div class=\"elementor-widget-container\">\n\t\t\t\t\t \n    \n\t\t<div class=\"single-intro-text\">\n\t\t\t<div class=\"intro-content\">\n\t\t\t\t<i class=\"\"><\/i>\n\t\t\t\t<h3 class=\"ts-title\">Id\u00e9alement <span>Situ\u00e9<\/span><\/h3>\n\t\t\t\t<p>\n\t\t\t\t\tA l'\u00e9cart de la circulation, profitez d'une terrasse \u00e0 quelques m\u00e8tres de la porte de la mer, immersion dans un Cadillac m\u00e9di\u00e9vale garantie\t\t\t\t<\/p>\n\t\t\t<\/div>\n         <div class=\"feature-bg\">\n           <span class=\"icon icon-map-pin\"><\/span>   \n         <\/div>  \n\t\t<\/div><!-- single intro text end-->\n\n\n    \n\n\t\n    \n    \t\t\t\t<\/div>\n\t\t\t\t<\/div>\n\t\t\t\t\t<\/div>\n\t\t<\/div>\n\t\t\t\t\t<\/div>\n\t\t<\/section>\n\t\t\t\t<section class=\"elementor-section elementor-top-section elementor-element elementor-element-93c5510 elementor-section-boxed elementor-section-height-default elementor-section-height-default\" data-id=\"93c5510\" data-element_type=\"section\" data-e-type=\"section\">\n\t\t\t\t\t\t<div class=\"elementor-container elementor-column-gap-default\">\n\t\t\t\t\t<div class=\"elementor-column elementor-col-100 elementor-top-column elementor-element elementor-element-fdb823f\" data-id=\"fdb823f\" data-element_type=\"column\" data-e-type=\"column\">\n\t\t\t<div class=\"elementor-widget-wrap elementor-element-populated\">\n\t\t\t\t\t\t<div class=\"elementor-element elementor-element-a3a0769 elementor-widget elementor-widget-delicios-title\" data-id=\"a3a0769\" data-element_type=\"widget\" data-e-type=\"widget\" data-widget_type=\"delicios-title.default\">\n\t\t\t\t<div class=\"elementor-widget-container\">\n\t\t\t\t\t\n\t\t<div class=\"ts-section-title title-center\">\n\t\t\t<h2 class=\"section-title \">\n\t\t\t\t\nCuisine maison \u2022 Produits locaux de saison \u2022 Planches &amp; partage\t\t\t<\/h2>\n\t\t\t\t\t\t\n\t\t<\/div>\n\n\t\t\t\t<\/div>\n\t\t\t\t<\/div>\n\t\t\t\t\t<\/div>\n\t\t<\/div>\n\t\t\t\t\t<\/div>\n\t\t<\/section>\n\t\t\t\t<section class=\"elementor-section elementor-top-section elementor-element elementor-element-2e6f467 elementor-section-boxed elementor-section-height-default elementor-section-height-default\" data-id=\"2e6f467\" data-element_type=\"section\" data-e-type=\"section\">\n\t\t\t\t\t\t<div class=\"elementor-container elementor-column-gap-default\">\n\t\t\t\t\t<div class=\"elementor-column elementor-col-100 elementor-top-column elementor-element elementor-element-36f37a7\" data-id=\"36f37a7\" data-element_type=\"column\" data-e-type=\"column\">\n\t\t\t<div class=\"elementor-widget-wrap elementor-element-populated\">\n\t\t\t\t\t\t<div class=\"elementor-element elementor-element-a1ad657 elementor-widget elementor-widget-delicios-title\" data-id=\"a1ad657\" data-element_type=\"widget\" data-e-type=\"widget\" data-widget_type=\"delicios-title.default\">\n\t\t\t\t<div class=\"elementor-widget-container\">\n\t\t\t\t\t\n\t\t<div class=\"ts-section-title title-center\">\n\t\t\t<h2 class=\"section-title \">\n\t\t\t\tA2 ouvrira ses portes le 1er Mai\t\t\t<\/h2>\n\t\t\t\t\t\t\t<i class=\"icon icon-title\"><\/i>\n\t\t\t\t\t\t\n\t\t<\/div>\n\n\t\t\t\t<\/div>\n\t\t\t\t<\/div>\n\t\t\t\t<div class=\"elementor-element elementor-element-8820658 elementor-widget elementor-widget-heading\" data-id=\"8820658\" data-element_type=\"widget\" data-e-type=\"widget\" data-widget_type=\"heading.default\">\n\t\t\t\t<div class=\"elementor-widget-container\">\n\t\t\t\t\t<h2 class=\"elementor-heading-title elementor-size-default\">7 rue Porte de la mer \u00e0 Cadillac sur Garonne<\/h2>\t\t\t\t<\/div>\n\t\t\t\t<\/div>\n\t\t\t\t\t<\/div>\n\t\t<\/div>\n\t\t\t\t\t<\/div>\n\t\t<\/section>\n\t\t\t\t<section class=\"elementor-section elementor-top-section elementor-element elementor-element-7a79d1e elementor-section-boxed elementor-section-height-default elementor-section-height-default\" data-id=\"7a79d1e\" data-element_type=\"section\" data-e-type=\"section\" data-settings=\"{&quot;background_background&quot;:&quot;classic&quot;}\">\n\t\t\t\t\t\t<div class=\"elementor-container elementor-column-gap-default\">\n\t\t\t\t\t<div class=\"elementor-column elementor-col-50 elementor-top-column elementor-element elementor-element-6d8f8f4\" data-id=\"6d8f8f4\" data-element_type=\"column\" data-e-type=\"column\">\n\t\t\t<div class=\"elementor-widget-wrap elementor-element-populated\">\n\t\t\t\t\t\t<div class=\"elementor-element elementor-element-a1f0315 elementor-absolute elementor-widget elementor-widget-image\" data-id=\"a1f0315\" data-element_type=\"widget\" data-e-type=\"widget\" data-settings=\"{&quot;_position&quot;:&quot;absolute&quot;}\" data-widget_type=\"image.default\">\n\t\t\t\t<div class=\"elementor-widget-container\">\n\t\t\t\t\t\t\t\t\t\t\t\t\t\t\t<img fetchpriority=\"high\" decoding=\"async\" width=\"800\" height=\"745\" src=\"https:\/\/restaurant-a2.com\/fichiers\/wp-content\/uploads\/2026\/04\/montage_interieur_3-1024x953.png\" class=\"attachment-large size-large wp-image-2448\" alt=\"\" srcset=\"https:\/\/restaurant-a2.com\/fichiers\/wp-content\/uploads\/2026\/04\/montage_interieur_3-1024x953.png 1024w, https:\/\/restaurant-a2.com\/fichiers\/wp-content\/uploads\/2026\/04\/montage_interieur_3-300x279.png 300w, https:\/\/restaurant-a2.com\/fichiers\/wp-content\/uploads\/2026\/04\/montage_interieur_3-768x715.png 768w, https:\/\/restaurant-a2.com\/fichiers\/wp-content\/uploads\/2026\/04\/montage_interieur_3-600x558.png 600w, https:\/\/restaurant-a2.com\/fichiers\/wp-content\/uploads\/2026\/04\/montage_interieur_3.png 1185w\" sizes=\"(max-width: 800px) 100vw, 800px\" \/>\t\t\t\t\t\t\t\t\t\t\t\t\t\t\t<\/div>\n\t\t\t\t<\/div>\n\t\t\t\t\t<\/div>\n\t\t<\/div>\n\t\t\t\t<div class=\"elementor-column elementor-col-50 elementor-top-column elementor-element elementor-element-3aff65c\" data-id=\"3aff65c\" data-element_type=\"column\" data-e-type=\"column\">\n\t\t\t<div class=\"elementor-widget-wrap elementor-element-populated\">\n\t\t\t\t\t\t<div class=\"elementor-element elementor-element-d9d6fa6 elementor-widget elementor-widget-delicios-title\" data-id=\"d9d6fa6\" data-element_type=\"widget\" data-e-type=\"widget\" data-widget_type=\"delicios-title.default\">\n\t\t\t\t<div class=\"elementor-widget-container\">\n\t\t\t\t\t\n\t\t<div class=\"ts-section-title title-center\">\n\t\t\t<h2 class=\"section-title \">\n\t\t\t\tUn restaurant \u00e0 vivre tout au long de la journ\u00e9e\t\t\t<\/h2>\n\t\t\t\t\t\t\t\t\t\t<div class=\"title-bar\">\n\t\t\t\t\t<span class=\"title-left-bar\"><\/span>\n\t\t\t\t\t<span class=\"title-middle-bar\"><\/span>\n\t\t\t\t\t<span class=\"title-right-bar\"><\/span>\n\t\t\t\t<\/div>\n\t\t\t\n\t\t<\/div>\n\n\t\t\t\t<\/div>\n\t\t\t\t<\/div>\n\t\t\t\t<div class=\"elementor-element elementor-element-2507d6e elementor-widget elementor-widget-text-editor\" data-id=\"2507d6e\" data-element_type=\"widget\" data-e-type=\"widget\" data-widget_type=\"text-editor.default\">\n\t\t\t\t<div class=\"elementor-widget-container\">\n\t\t\t\t\t\t\t\t\t<p data-start=\"142\" data-end=\"244\"><strong data-start=\"142\" data-end=\"244\">Le restaurant A2 vous accueille \u00e0 Cadillac sur Garonne au pied de la tour de la mer. Nous vous proposons une cuisine sinc\u00e8re et faite maison \u00e0 base de produits frais, locaux et de saison.<\/strong><\/p>\n<p data-start=\"246\" data-end=\"426\">Le matin, <strong data-start=\"256\" data-end=\"272\">de 10h \u00e0 12h<\/strong>, nous vous proposons un moment caf\u00e9, th\u00e9 ou autres boissons sans alcool accompagn\u00e9es de <strong data-start=\"324\" data-end=\"346\">p\u00e2tisseries maison<\/strong>, pr\u00e9par\u00e9es sur place. Une pause gourmande pour commencer<br>la journ\u00e9e en douceur.<\/p>\n<p data-start=\"428\" data-end=\"726\">Le midi, la cuisine s\u2019articule autour <strong data-start=\"466\" data-end=\"509\">d\u2019un menu du jour et d\u2019une carte courte<\/strong>, \u00e9labor\u00e9s avec des produits de saison et une attention particuli\u00e8re port\u00e9e \u00e0 la qualit\u00e9 et \u00e0 la fra\u00eecheur, que vous pourrez accompagner <strong data-start=\"646\" data-end=\"725\">d\u2019un verre de vin soigneusement s\u00e9lectionn\u00e9 <br>ou de tout autre boisson, avec ou sans alcool, de votre choix<\/strong>.<\/p>\n<p data-start=\"728\" data-end=\"1014\"><strong data-start=\"728\" data-end=\"756\">D\u00e8s 16h et jusqu\u2019\u00e0 19h30 (20:30 les jeudis, vendredis et samedis)<\/strong>,<br>place \u00e0 un moment de d\u00e9tente autour de <strong data-start=\"797\" data-end=\"833\">planches et assiettes gourmandes<\/strong>, id\u00e9ales pour un afterwork savoureux dans une atmosph\u00e8re conviviale et chaleureuse, \u00e0 savourer <strong data-start=\"941\" data-end=\"1013\">avec un bon verre de vin, un cocktail ou une boisson rafra\u00eechissante<\/strong>.<\/p>\n<p data-start=\"1016\" data-end=\"1152\">Un lieu simple et accueillant, o\u00f9 l\u2019on vient avant tout <strong data-start=\"1072\" data-end=\"1151\">pour bien manger, prendre le temps et partager un moment autour de la table<\/strong>.<\/p>\t\t\t\t\t\t\t\t<\/div>\n\t\t\t\t<\/div>\n\t\t\t\t\t<\/div>\n\t\t<\/div>\n\t\t\t\t\t<\/div>\n\t\t<\/section>\n\t\t\t\t<section class=\"elementor-section elementor-top-section elementor-element elementor-element-f9cfe9e elementor-section-boxed elementor-section-height-default elementor-section-height-default\" data-id=\"f9cfe9e\" data-element_type=\"section\" data-e-type=\"section\">\n\t\t\t\t\t\t\t<div class=\"elementor-background-overlay\"><\/div>\n\t\t\t\t\t\t\t<div class=\"elementor-container elementor-column-gap-default\">\n\t\t\t\t\t<div class=\"elementor-column elementor-col-100 elementor-top-column elementor-element elementor-element-3fd3414\" data-id=\"3fd3414\" data-element_type=\"column\" data-e-type=\"column\">\n\t\t\t<div class=\"elementor-widget-wrap elementor-element-populated\">\n\t\t\t\t\t\t<div class=\"elementor-element elementor-element-9783a6a elementor-widget elementor-widget-delicios-title\" data-id=\"9783a6a\" data-element_type=\"widget\" data-e-type=\"widget\" data-widget_type=\"delicios-title.default\">\n\t\t\t\t<div class=\"elementor-widget-container\">\n\t\t\t\t\t\n\t\t<div class=\"ts-section-title title-center\">\n\t\t\t<h2 class=\"section-title \">\n\t\t\t\tLe menu de la <span>semaine<\/span> du 1er au 8 mai(midi uniquement)\t\t\t<\/h2>\n\t\t\t\t\t\t\t<i class=\"icon icon-title\"><\/i>\n\t\t\t\t\t\t\n\t\t<\/div>\n\n\t\t\t\t<\/div>\n\t\t\t\t<\/div>\n\t\t\t\t<section class=\"elementor-section elementor-inner-section elementor-element elementor-element-2d3c4e0 elementor-section-boxed elementor-section-height-default elementor-section-height-default\" data-id=\"2d3c4e0\" data-element_type=\"section\" data-e-type=\"section\">\n\t\t\t\t\t\t<div class=\"elementor-container elementor-column-gap-default\">\n\t\t\t\t\t<div class=\"elementor-column elementor-col-100 elementor-inner-column elementor-element elementor-element-0247114 elementor-invisible\" data-id=\"0247114\" data-element_type=\"column\" data-e-type=\"column\" data-settings=\"{&quot;animation&quot;:&quot;fadeInUp&quot;,&quot;animation_delay&quot;:450}\">\n\t\t\t<div class=\"elementor-widget-wrap elementor-element-populated\">\n\t\t\t\t\t\t<div class=\"elementor-element elementor-element-913d543 elementor-widget elementor-widget-delicios-food-list\" data-id=\"913d543\" data-element_type=\"widget\" data-e-type=\"widget\" data-widget_type=\"delicios-food-list.default\">\n\t\t\t\t<div class=\"elementor-widget-container\">\n\t\t\t\t\t                    <div class=\"menu-list-item\"> \n                                 <div class=\"menu-block media\"> \n                     <div class=\"post-thumb\">\n                                              <\/div>\n                     <div class=\"inner-box\"> \n                                                <div class=\"info clearfix\">\n                              <h3 class=\"post-title pull-left\">\n                                 Un menu h\u00e9bdomadaire                              <\/h3> \n                              <h3 class=\"price pull-right\"><i> <\/i> <\/h3>\n\n                        <\/div>\n                        <div class=\"text\"> \n                           avec des produits de saison, deux entr\u00e9es, trois plats et trois desserts,\r\n\u00e0 d\u00e9couvrir d\u00e9s le 1er mai...                        <\/div>\n                     <\/div>\n                  <\/div>\n                                             <\/div>\n                   \t\t\t\t<\/div>\n\t\t\t\t<\/div>\n\t\t\t\t\t<\/div>\n\t\t<\/div>\n\t\t\t\t\t<\/div>\n\t\t<\/section>\n\t\t\t\t\t<\/div>\n\t\t<\/div>\n\t\t\t\t\t<\/div>\n\t\t<\/section>\n\t\t\t\t<section class=\"elementor-section elementor-top-section elementor-element elementor-element-bc2ea78 elementor-section-boxed elementor-section-height-default elementor-section-height-default\" data-id=\"bc2ea78\" data-element_type=\"section\" data-e-type=\"section\" data-settings=\"{&quot;background_background&quot;:&quot;classic&quot;}\">\n\t\t\t\t\t\t\t<div class=\"elementor-background-overlay\"><\/div>\n\t\t\t\t\t\t\t<div class=\"elementor-container elementor-column-gap-default\">\n\t\t\t\t\t<div class=\"elementor-column elementor-col-50 elementor-top-column elementor-element elementor-element-8e08ebf\" data-id=\"8e08ebf\" data-element_type=\"column\" data-e-type=\"column\">\n\t\t\t<div class=\"elementor-widget-wrap elementor-element-populated\">\n\t\t\t\t\t\t<section class=\"elementor-section elementor-inner-section elementor-element elementor-element-c8e995a elementor-section-boxed elementor-section-height-default elementor-section-height-default\" data-id=\"c8e995a\" data-element_type=\"section\" data-e-type=\"section\">\n\t\t\t\t\t\t<div class=\"elementor-container elementor-column-gap-default\">\n\t\t\t\t\t<div class=\"elementor-column elementor-col-100 elementor-inner-column elementor-element elementor-element-c8f83e8\" data-id=\"c8f83e8\" data-element_type=\"column\" data-e-type=\"column\">\n\t\t\t<div class=\"elementor-widget-wrap elementor-element-populated\">\n\t\t\t\t\t\t<div class=\"elementor-element elementor-element-af56ac1 elementor-widget elementor-widget-delicios-title\" data-id=\"af56ac1\" data-element_type=\"widget\" data-e-type=\"widget\" data-widget_type=\"delicios-title.default\">\n\t\t\t\t<div class=\"elementor-widget-container\">\n\t\t\t\t\t\n\t\t<div class=\"ts-section-title title-center\">\n\t\t\t<h2 class=\"section-title \">\n\t\t\t\tVous souhaitez  <span>r\u00e9server<\/span>\t\t\t<\/h2>\n\t\t\t\t\t\t\t<i class=\"\"><\/i>\n\t\t\t\t\t\t\n\t\t<\/div>\n\n\t\t\t\t<\/div>\n\t\t\t\t<\/div>\n\t\t\t\t<div class=\"elementor-element elementor-element-c9788b2 elementor-widget elementor-widget-text-editor\" data-id=\"c9788b2\" data-element_type=\"widget\" data-e-type=\"widget\" data-widget_type=\"text-editor.default\">\n\t\t\t\t<div class=\"elementor-widget-container\">\n\t\t\t\t\t\t\t\t\t<p style=\"text-align: center;\">Contactez-nous au<\/p><p style=\"text-align: center;\"><strong>05 56 76 60 14<\/strong><\/p><p><strong>\u00a0<\/strong><\/p>\t\t\t\t\t\t\t\t<\/div>\n\t\t\t\t<\/div>\n\t\t\t\t\t<\/div>\n\t\t<\/div>\n\t\t\t\t\t<\/div>\n\t\t<\/section>\n\t\t\t\t\t<\/div>\n\t\t<\/div>\n\t\t\t\t<div class=\"elementor-column elementor-col-50 elementor-top-column elementor-element elementor-element-3e8f1f9\" data-id=\"3e8f1f9\" data-element_type=\"column\" data-e-type=\"column\" data-settings=\"{&quot;background_background&quot;:&quot;classic&quot;}\">\n\t\t\t<div class=\"elementor-widget-wrap elementor-element-populated\">\n\t\t\t\t\t\t<div class=\"elementor-element elementor-element-850a2e9 elementor-widget elementor-widget-heading\" data-id=\"850a2e9\" data-element_type=\"widget\" data-e-type=\"widget\" data-widget_type=\"heading.default\">\n\t\t\t\t<div class=\"elementor-widget-container\">\n\t\t\t\t\t<h3 class=\"elementor-heading-title elementor-size-default\">Nos horaires d'ouverture<\/h3>\t\t\t\t<\/div>\n\t\t\t\t<\/div>\n\t\t\t\t<div class=\"elementor-element elementor-element-1feafd8 elementor-widget elementor-widget-text-editor\" data-id=\"1feafd8\" data-element_type=\"widget\" data-e-type=\"widget\" data-widget_type=\"text-editor.default\">\n\t\t\t\t<div class=\"elementor-widget-container\">\n\t\t\t\t\t\t\t\t\t<ul><li>Lundi de <strong>10:00 \u00e0 17:00<\/strong><\/li><li>Mardi de <strong>10:00 \u00e0 14:30<\/strong><\/li><li>Mercredi : <strong>Ferm\u00e9<\/strong><\/li><li>Jeudi de <strong>10:00 \u00e0 20:30<\/strong><\/li><li>Vendredi de <strong>10:00 \u00e0 20:30<\/strong><\/li><li>Samedi de <strong>10:00 \u00e0 20:30<\/strong><\/li><li>Dimanche, <strong>un sur deux de 10:00 \u00e0 14:30 <br \/>(brunch \u00e0 theme)<\/strong><\/li><\/ul>\t\t\t\t\t\t\t\t<\/div>\n\t\t\t\t<\/div>\n\t\t\t\t\t<\/div>\n\t\t<\/div>\n\t\t\t\t\t<\/div>\n\t\t<\/section>\n\t\t\t\t<\/div>\n\t\t","protected":false},"excerpt":{"rendered":"<p>A2 BISTROT GOURMAND Calme &amp; D\u00e9tente Un espace cocooning, chaleureux et contemporain pour votre d\u00e9jeuner, votre pause caf\u00e9\/th\u00e9, un afterwork autour d&rsquo;une planche ou de tapas. Qualit\u00e9 &amp; Engagement Une cuisine pens\u00e9e pour le partage dans le respect de produits issus d&rsquo;une d\u00e9marche locale, authentique et saisonni\u00e8re. Id\u00e9alement Situ\u00e9 A l&rsquo;\u00e9cart de la circulation, profitez [&hellip;]<\/p>\n","protected":false},"author":1,"featured_media":0,"parent":0,"menu_order":0,"comment_status":"closed","ping_status":"closed","template":"template\/homepage-template.php","meta":{"footnotes":""},"class_list":["post-65","page","type-page","status-publish","hentry"],"_links":{"self":[{"href":"https:\/\/restaurant-a2.com\/fichiers\/wp-json\/wp\/v2\/pages\/65","targetHints":{"allow":["GET"]}}],"collection":[{"href":"https:\/\/restaurant-a2.com\/fichiers\/wp-json\/wp\/v2\/pages"}],"about":[{"href":"https:\/\/restaurant-a2.com\/fichiers\/wp-json\/wp\/v2\/types\/page"}],"author":[{"embeddable":true,"href":"https:\/\/restaurant-a2.com\/fichiers\/wp-json\/wp\/v2\/users\/1"}],"replies":[{"embeddable":true,"href":"https:\/\/restaurant-a2.com\/fichiers\/wp-json\/wp\/v2\/comments?post=65"}],"version-history":[{"count":558,"href":"https:\/\/restaurant-a2.com\/fichiers\/wp-json\/wp\/v2\/pages\/65\/revisions"}],"predecessor-version":[{"id":2605,"href":"https:\/\/restaurant-a2.com\/fichiers\/wp-json\/wp\/v2\/pages\/65\/revisions\/2605"}],"wp:attachment":[{"href":"https:\/\/restaurant-a2.com\/fichiers\/wp-json\/wp\/v2\/media?parent=65"}],"curies":[{"name":"wp","href":"https:\/\/api.w.org\/{rel}","templated":true}]}}