{"id":842,"date":"2019-06-20T05:10:56","date_gmt":"2019-06-20T05:10:56","guid":{"rendered":"https:\/\/restaurant-a2.com\/fichiers\/?page_id=842"},"modified":"2026-04-12T13:53:06","modified_gmt":"2026-04-12T13:53:06","slug":"cote-restaurant","status":"publish","type":"page","link":"https:\/\/restaurant-a2.com\/fichiers\/cote-restaurant\/","title":{"rendered":"Cot\u00e9 restaurant"},"content":{"rendered":"\t\t<div data-elementor-type=\"wp-post\" data-elementor-id=\"842\" class=\"elementor elementor-842\">\n\t\t\t\t\t\t<section class=\"elementor-section elementor-top-section elementor-element elementor-element-7dd0c0f elementor-section-boxed elementor-section-height-default elementor-section-height-default\" data-id=\"7dd0c0f\" data-element_type=\"section\" data-e-type=\"section\" data-settings=\"{&quot;background_background&quot;:&quot;classic&quot;}\">\n\t\t\t\t\t\t<div class=\"elementor-container elementor-column-gap-default\">\n\t\t\t\t\t<div class=\"elementor-column elementor-col-50 elementor-top-column elementor-element elementor-element-9a825e4\" data-id=\"9a825e4\" data-element_type=\"column\" data-e-type=\"column\" data-settings=\"{&quot;background_background&quot;:&quot;classic&quot;}\">\n\t\t\t<div class=\"elementor-widget-wrap elementor-element-populated\">\n\t\t\t\t\t\t<div class=\"elementor-element elementor-element-0162f9a elementor-widget elementor-widget-image\" data-id=\"0162f9a\" data-element_type=\"widget\" data-e-type=\"widget\" data-widget_type=\"image.default\">\n\t\t\t\t<div class=\"elementor-widget-container\">\n\t\t\t\t\t\t\t\t\t\t\t\t\t\t\t<img fetchpriority=\"high\" decoding=\"async\" width=\"1920\" height=\"2560\" src=\"https:\/\/restaurant-a2.com\/fichiers\/wp-content\/uploads\/2026\/04\/illustration_restaurant-scaled.jpg\" class=\"elementor-animation-float attachment-full size-full wp-image-2456\" alt=\"\" srcset=\"https:\/\/restaurant-a2.com\/fichiers\/wp-content\/uploads\/2026\/04\/illustration_restaurant-scaled.jpg 1920w, https:\/\/restaurant-a2.com\/fichiers\/wp-content\/uploads\/2026\/04\/illustration_restaurant-225x300.jpg 225w, https:\/\/restaurant-a2.com\/fichiers\/wp-content\/uploads\/2026\/04\/illustration_restaurant-768x1024.jpg 768w, https:\/\/restaurant-a2.com\/fichiers\/wp-content\/uploads\/2026\/04\/illustration_restaurant-1152x1536.jpg 1152w, https:\/\/restaurant-a2.com\/fichiers\/wp-content\/uploads\/2026\/04\/illustration_restaurant-1536x2048.jpg 1536w, https:\/\/restaurant-a2.com\/fichiers\/wp-content\/uploads\/2026\/04\/illustration_restaurant-600x800.jpg 600w\" sizes=\"(max-width: 1920px) 100vw, 1920px\" \/>\t\t\t\t\t\t\t\t\t\t\t\t\t\t\t<\/div>\n\t\t\t\t<\/div>\n\t\t\t\t\t<\/div>\n\t\t<\/div>\n\t\t\t\t<div class=\"elementor-column elementor-col-50 elementor-top-column elementor-element elementor-element-08383da\" data-id=\"08383da\" data-element_type=\"column\" data-e-type=\"column\">\n\t\t\t<div class=\"elementor-widget-wrap elementor-element-populated\">\n\t\t\t\t\t\t<div class=\"elementor-element elementor-element-cf87c50 elementor-widget elementor-widget-delicios-title\" data-id=\"cf87c50\" data-element_type=\"widget\" data-e-type=\"widget\" data-widget_type=\"delicios-title.default\">\n\t\t\t\t<div class=\"elementor-widget-container\">\n\t\t\t\t\t\n\t\t<div class=\"ts-section-title title-center\">\n\t\t\t<h2 class=\"section-title \">\n\t\t\t\tCot\u00e9  <span>Restaurant<\/span>\t\t\t<\/h2>\n\t\t\t\t\t\t\t\t\t\t<div class=\"title-bar\">\n\t\t\t\t\t<span class=\"title-left-bar\"><\/span>\n\t\t\t\t\t<span class=\"title-middle-bar\"><\/span>\n\t\t\t\t\t<span class=\"title-right-bar\"><\/span>\n\t\t\t\t<\/div>\n\t\t\t\n\t\t<\/div>\n\n\t\t\t\t<\/div>\n\t\t\t\t<\/div>\n\t\t\t\t<div class=\"elementor-element elementor-element-f7afe06 elementor-widget elementor-widget-text-editor\" data-id=\"f7afe06\" data-element_type=\"widget\" data-e-type=\"widget\" data-widget_type=\"text-editor.default\">\n\t\t\t\t<div class=\"elementor-widget-container\">\n\t\t\t\t\t\t\t\t\t<p data-start=\"158\" data-end=\"233\">A2 est un lieu de rencontre autour du go\u00fbt, <br \/>du partage et de la simplicit\u00e9.<\/p><p data-start=\"235\" data-end=\"428\">Le <strong data-start=\"238\" data-end=\"246\">midi<\/strong>, la cuisine se veut fra\u00eeche et \u00e9quilibr\u00e9e. Un <strong data-start=\"301\" data-end=\"337\">menu du jour<\/strong> construit autour de produits de saison de nos producteurs locaux et d\u2019une d\u00e9marche aussi responsable que possible.<\/p><p data-start=\"430\" data-end=\"618\">Le <strong data-start=\"433\" data-end=\"441\">soir<\/strong>, l\u2019atmosph\u00e8re devient plus libre et conviviale. La table se remplit de <strong data-start=\"513\" data-end=\"567\">planches \u00e0 partager, tapas et assiettes gourmandes<\/strong>, \u00e0 accompagner d\u2019un verre de vin ou d\u2019un cocktail.<\/p><p data-start=\"620\" data-end=\"763\">Plus qu\u2019un restaurant, <strong data-start=\"643\" data-end=\"668\">A2 est un lieu vivant<\/strong>, o\u00f9 l\u2019on vient d\u00e9jeuner, se retrouver, \u00e9changer<br \/>et profiter d\u2019un moment simple et authentique.<\/p>\t\t\t\t\t\t\t\t<\/div>\n\t\t\t\t<\/div>\n\t\t\t\t\t<\/div>\n\t\t<\/div>\n\t\t\t\t\t<\/div>\n\t\t<\/section>\n\t\t\t\t<section class=\"elementor-section elementor-top-section elementor-element elementor-element-6469bc3 elementor-section-boxed elementor-section-height-default elementor-section-height-default\" data-id=\"6469bc3\" data-element_type=\"section\" data-e-type=\"section\" data-settings=\"{&quot;background_background&quot;:&quot;classic&quot;}\">\n\t\t\t\t\t\t<div class=\"elementor-container elementor-column-gap-default\">\n\t\t\t\t\t<div class=\"elementor-column elementor-col-100 elementor-top-column elementor-element elementor-element-629f338\" data-id=\"629f338\" data-element_type=\"column\" data-e-type=\"column\">\n\t\t\t<div class=\"elementor-widget-wrap elementor-element-populated\">\n\t\t\t\t\t\t<div class=\"elementor-element elementor-element-99c2f93 elementor-widget elementor-widget-delicios-title\" data-id=\"99c2f93\" data-element_type=\"widget\" data-e-type=\"widget\" data-widget_type=\"delicios-title.default\">\n\t\t\t\t<div class=\"elementor-widget-container\">\n\t\t\t\t\t\n\t\t<div class=\"ts-section-title title-center\">\n\t\t\t<h2 class=\"section-title title-border\">\n\t\t\t\tDans notre carte (\u00e0 d\u00e9couvrir d\u00e9s le 1er Mai)\t\t\t<\/h2>\n\t\t\t\t\t\t\n\t\t<\/div>\n\n\t\t\t\t<\/div>\n\t\t\t\t<\/div>\n\t\t\t\t<div class=\"elementor-element elementor-element-6673ca2 elementor-widget elementor-widget-delicios-food-menu\" data-id=\"6673ca2\" data-element_type=\"widget\" data-e-type=\"widget\" data-widget_type=\"delicios-food-menu.default\">\n\t\t\t\t<div class=\"elementor-widget-container\">\n\t\t\t\t\t                   \n                        <div class=\"row menu-section\"> \n                           <\/div>\n\n                   \n           \n      \t\t\t\t<\/div>\n\t\t\t\t<\/div>\n\t\t\t\t\t<\/div>\n\t\t<\/div>\n\t\t\t\t\t<\/div>\n\t\t<\/section>\n\t\t\t\t<section class=\"elementor-section elementor-top-section elementor-element elementor-element-a50392d elementor-section-boxed elementor-section-height-default elementor-section-height-default\" data-id=\"a50392d\" data-element_type=\"section\" data-e-type=\"section\">\n\t\t\t\t\t\t<div class=\"elementor-container elementor-column-gap-default\">\n\t\t\t\t\t<div class=\"elementor-column elementor-col-100 elementor-top-column elementor-element elementor-element-c76ba87\" data-id=\"c76ba87\" data-element_type=\"column\" data-e-type=\"column\">\n\t\t\t<div class=\"elementor-widget-wrap elementor-element-populated\">\n\t\t\t\t\t\t<div class=\"elementor-element elementor-element-dfe82a9 elementor-arrows-position-inside elementor-pagination-position-outside elementor-widget elementor-widget-image-carousel\" data-id=\"dfe82a9\" data-element_type=\"widget\" data-e-type=\"widget\" data-settings=\"{&quot;navigation&quot;:&quot;both&quot;,&quot;autoplay&quot;:&quot;yes&quot;,&quot;pause_on_hover&quot;:&quot;yes&quot;,&quot;pause_on_interaction&quot;:&quot;yes&quot;,&quot;autoplay_speed&quot;:5000,&quot;infinite&quot;:&quot;yes&quot;,&quot;speed&quot;:500}\" data-widget_type=\"image-carousel.default\">\n\t\t\t\t<div class=\"elementor-widget-container\">\n\t\t\t\t\t\t\t<div class=\"elementor-image-carousel-wrapper swiper\" role=\"region\" aria-roledescription=\"carousel\" aria-label=\"Carrousel d\u2019images\" dir=\"ltr\">\n\t\t\t<div class=\"elementor-image-carousel swiper-wrapper\" aria-live=\"off\">\n\t\t\t\t\t\t\t\t<div class=\"swiper-slide\" role=\"group\" aria-roledescription=\"slide\" aria-label=\"1 sur 12\"><a data-elementor-open-lightbox=\"yes\" data-elementor-lightbox-slideshow=\"dfe82a9\" data-elementor-lightbox-title=\"salle2_vue_salle_1\" data-e-action-hash=\"#elementor-action%3Aaction%3Dlightbox%26settings%3DeyJpZCI6MjYxOCwidXJsIjoiaHR0cHM6XC9cL3Jlc3RhdXJhbnQtYTIuY29tXC9maWNoaWVyc1wvd3AtY29udGVudFwvdXBsb2Fkc1wvMjAyNlwvMDRcL3NhbGxlMl92dWVfc2FsbGVfMS5qcGciLCJzbGlkZXNob3ciOiJkZmU4MmE5In0%3D\" href=\"https:\/\/restaurant-a2.com\/fichiers\/wp-content\/uploads\/2026\/04\/salle2_vue_salle_1.jpg\"><figure class=\"swiper-slide-inner\"><img decoding=\"async\" class=\"swiper-slide-image\" src=\"https:\/\/restaurant-a2.com\/fichiers\/wp-content\/uploads\/2026\/04\/salle2_vue_salle_1-300x225.jpg\" alt=\"salle2_vue_salle_1\" \/><\/figure><\/a><\/div><div class=\"swiper-slide\" role=\"group\" aria-roledescription=\"slide\" aria-label=\"2 sur 12\"><a data-elementor-open-lightbox=\"yes\" data-elementor-lightbox-slideshow=\"dfe82a9\" data-elementor-lightbox-title=\"salle_2_vue_escalier\" data-e-action-hash=\"#elementor-action%3Aaction%3Dlightbox%26settings%3DeyJpZCI6MjYxNiwidXJsIjoiaHR0cHM6XC9cL3Jlc3RhdXJhbnQtYTIuY29tXC9maWNoaWVyc1wvd3AtY29udGVudFwvdXBsb2Fkc1wvMjAyNlwvMDRcL3NhbGxlXzJfdnVlX2VzY2FsaWVyLmpwZyIsInNsaWRlc2hvdyI6ImRmZTgyYTkifQ%3D%3D\" href=\"https:\/\/restaurant-a2.com\/fichiers\/wp-content\/uploads\/2026\/04\/salle_2_vue_escalier.jpg\"><figure class=\"swiper-slide-inner\"><img decoding=\"async\" class=\"swiper-slide-image\" src=\"https:\/\/restaurant-a2.com\/fichiers\/wp-content\/uploads\/2026\/04\/salle_2_vue_escalier-300x225.jpg\" alt=\"salle_2_vue_escalier\" \/><\/figure><\/a><\/div><div class=\"swiper-slide\" role=\"group\" aria-roledescription=\"slide\" aria-label=\"3 sur 12\"><a data-elementor-open-lightbox=\"yes\" data-elementor-lightbox-slideshow=\"dfe82a9\" data-elementor-lightbox-title=\"salle1_vue_salle2\" data-e-action-hash=\"#elementor-action%3Aaction%3Dlightbox%26settings%3DeyJpZCI6MjYxNywidXJsIjoiaHR0cHM6XC9cL3Jlc3RhdXJhbnQtYTIuY29tXC9maWNoaWVyc1wvd3AtY29udGVudFwvdXBsb2Fkc1wvMjAyNlwvMDRcL3NhbGxlMV92dWVfc2FsbGUyLmpwZyIsInNsaWRlc2hvdyI6ImRmZTgyYTkifQ%3D%3D\" href=\"https:\/\/restaurant-a2.com\/fichiers\/wp-content\/uploads\/2026\/04\/salle1_vue_salle2.jpg\"><figure class=\"swiper-slide-inner\"><img decoding=\"async\" class=\"swiper-slide-image\" src=\"https:\/\/restaurant-a2.com\/fichiers\/wp-content\/uploads\/2026\/04\/salle1_vue_salle2-300x225.jpg\" alt=\"salle1_vue_salle2\" \/><\/figure><\/a><\/div><div class=\"swiper-slide\" role=\"group\" aria-roledescription=\"slide\" aria-label=\"4 sur 12\"><a data-elementor-open-lightbox=\"yes\" data-elementor-lightbox-slideshow=\"dfe82a9\" data-elementor-lightbox-title=\"vue_grande_table_couvert\" data-e-action-hash=\"#elementor-action%3Aaction%3Dlightbox%26settings%3DeyJpZCI6MjYyMCwidXJsIjoiaHR0cHM6XC9cL3Jlc3RhdXJhbnQtYTIuY29tXC9maWNoaWVyc1wvd3AtY29udGVudFwvdXBsb2Fkc1wvMjAyNlwvMDRcL3Z1ZV9ncmFuZGVfdGFibGVfY291dmVydC5qcGciLCJzbGlkZXNob3ciOiJkZmU4MmE5In0%3D\" href=\"https:\/\/restaurant-a2.com\/fichiers\/wp-content\/uploads\/2026\/04\/vue_grande_table_couvert.jpg\"><figure class=\"swiper-slide-inner\"><img decoding=\"async\" class=\"swiper-slide-image\" src=\"https:\/\/restaurant-a2.com\/fichiers\/wp-content\/uploads\/2026\/04\/vue_grande_table_couvert-300x225.jpg\" alt=\"vue_grande_table_couvert\" \/><\/figure><\/a><\/div><div class=\"swiper-slide\" role=\"group\" aria-roledescription=\"slide\" aria-label=\"5 sur 12\"><a data-elementor-open-lightbox=\"yes\" data-elementor-lightbox-slideshow=\"dfe82a9\" data-elementor-lightbox-title=\"vue_grande_table\" data-e-action-hash=\"#elementor-action%3Aaction%3Dlightbox%26settings%3DeyJpZCI6MjYyMywidXJsIjoiaHR0cHM6XC9cL3Jlc3RhdXJhbnQtYTIuY29tXC9maWNoaWVyc1wvd3AtY29udGVudFwvdXBsb2Fkc1wvMjAyNlwvMDRcL3Z1ZV9ncmFuZGVfdGFibGUuanBnIiwic2xpZGVzaG93IjoiZGZlODJhOSJ9\" href=\"https:\/\/restaurant-a2.com\/fichiers\/wp-content\/uploads\/2026\/04\/vue_grande_table.jpg\"><figure class=\"swiper-slide-inner\"><img decoding=\"async\" class=\"swiper-slide-image\" src=\"https:\/\/restaurant-a2.com\/fichiers\/wp-content\/uploads\/2026\/04\/vue_grande_table-300x225.jpg\" alt=\"vue_grande_table\" \/><\/figure><\/a><\/div><div class=\"swiper-slide\" role=\"group\" aria-roledescription=\"slide\" aria-label=\"6 sur 12\"><a data-elementor-open-lightbox=\"yes\" data-elementor-lightbox-slideshow=\"dfe82a9\" data-elementor-lightbox-title=\"vue_table_1\" data-e-action-hash=\"#elementor-action%3Aaction%3Dlightbox%26settings%3DeyJpZCI6MjYyNCwidXJsIjoiaHR0cHM6XC9cL3Jlc3RhdXJhbnQtYTIuY29tXC9maWNoaWVyc1wvd3AtY29udGVudFwvdXBsb2Fkc1wvMjAyNlwvMDRcL3Z1ZV90YWJsZV8xLmpwZyIsInNsaWRlc2hvdyI6ImRmZTgyYTkifQ%3D%3D\" href=\"https:\/\/restaurant-a2.com\/fichiers\/wp-content\/uploads\/2026\/04\/vue_table_1.jpg\"><figure class=\"swiper-slide-inner\"><img decoding=\"async\" class=\"swiper-slide-image\" src=\"https:\/\/restaurant-a2.com\/fichiers\/wp-content\/uploads\/2026\/04\/vue_table_1-300x225.jpg\" alt=\"vue_table_1\" \/><\/figure><\/a><\/div><div class=\"swiper-slide\" role=\"group\" aria-roledescription=\"slide\" aria-label=\"7 sur 12\"><a data-elementor-open-lightbox=\"yes\" data-elementor-lightbox-slideshow=\"dfe82a9\" data-elementor-lightbox-title=\"vue_table_2\" data-e-action-hash=\"#elementor-action%3Aaction%3Dlightbox%26settings%3DeyJpZCI6MjYyNSwidXJsIjoiaHR0cHM6XC9cL3Jlc3RhdXJhbnQtYTIuY29tXC9maWNoaWVyc1wvd3AtY29udGVudFwvdXBsb2Fkc1wvMjAyNlwvMDRcL3Z1ZV90YWJsZV8yLmpwZyIsInNsaWRlc2hvdyI6ImRmZTgyYTkifQ%3D%3D\" href=\"https:\/\/restaurant-a2.com\/fichiers\/wp-content\/uploads\/2026\/04\/vue_table_2.jpg\"><figure class=\"swiper-slide-inner\"><img decoding=\"async\" class=\"swiper-slide-image\" src=\"https:\/\/restaurant-a2.com\/fichiers\/wp-content\/uploads\/2026\/04\/vue_table_2-300x225.jpg\" alt=\"vue_table_2\" \/><\/figure><\/a><\/div><div class=\"swiper-slide\" role=\"group\" aria-roledescription=\"slide\" aria-label=\"8 sur 12\"><a data-elementor-open-lightbox=\"yes\" data-elementor-lightbox-slideshow=\"dfe82a9\" data-elementor-lightbox-title=\"vue_table_buffet_verticale\" data-e-action-hash=\"#elementor-action%3Aaction%3Dlightbox%26settings%3DeyJpZCI6MjYyNiwidXJsIjoiaHR0cHM6XC9cL3Jlc3RhdXJhbnQtYTIuY29tXC9maWNoaWVyc1wvd3AtY29udGVudFwvdXBsb2Fkc1wvMjAyNlwvMDRcL3Z1ZV90YWJsZV9idWZmZXRfdmVydGljYWxlLmpwZyIsInNsaWRlc2hvdyI6ImRmZTgyYTkifQ%3D%3D\" href=\"https:\/\/restaurant-a2.com\/fichiers\/wp-content\/uploads\/2026\/04\/vue_table_buffet_verticale.jpg\"><figure class=\"swiper-slide-inner\"><img decoding=\"async\" class=\"swiper-slide-image\" src=\"https:\/\/restaurant-a2.com\/fichiers\/wp-content\/uploads\/2026\/04\/vue_table_buffet_verticale-225x300.jpg\" alt=\"vue_table_buffet_verticale\" \/><\/figure><\/a><\/div><div class=\"swiper-slide\" role=\"group\" aria-roledescription=\"slide\" aria-label=\"9 sur 12\"><a data-elementor-open-lightbox=\"yes\" data-elementor-lightbox-slideshow=\"dfe82a9\" data-elementor-lightbox-title=\"vue_grande_table_buffet\" data-e-action-hash=\"#elementor-action%3Aaction%3Dlightbox%26settings%3DeyJpZCI6MjYxOSwidXJsIjoiaHR0cHM6XC9cL3Jlc3RhdXJhbnQtYTIuY29tXC9maWNoaWVyc1wvd3AtY29udGVudFwvdXBsb2Fkc1wvMjAyNlwvMDRcL3Z1ZV9ncmFuZGVfdGFibGVfYnVmZmV0LmpwZyIsInNsaWRlc2hvdyI6ImRmZTgyYTkifQ%3D%3D\" href=\"https:\/\/restaurant-a2.com\/fichiers\/wp-content\/uploads\/2026\/04\/vue_grande_table_buffet.jpg\"><figure class=\"swiper-slide-inner\"><img decoding=\"async\" class=\"swiper-slide-image\" src=\"https:\/\/restaurant-a2.com\/fichiers\/wp-content\/uploads\/2026\/04\/vue_grande_table_buffet-300x225.jpg\" alt=\"vue_grande_table_buffet\" \/><\/figure><\/a><\/div><div class=\"swiper-slide\" role=\"group\" aria-roledescription=\"slide\" aria-label=\"10 sur 12\"><a data-elementor-open-lightbox=\"yes\" data-elementor-lightbox-slideshow=\"dfe82a9\" data-elementor-lightbox-title=\"vue_table_floutee\" data-e-action-hash=\"#elementor-action%3Aaction%3Dlightbox%26settings%3DeyJpZCI6MjYyOCwidXJsIjoiaHR0cHM6XC9cL3Jlc3RhdXJhbnQtYTIuY29tXC9maWNoaWVyc1wvd3AtY29udGVudFwvdXBsb2Fkc1wvMjAyNlwvMDRcL3Z1ZV90YWJsZV9mbG91dGVlLmpwZyIsInNsaWRlc2hvdyI6ImRmZTgyYTkifQ%3D%3D\" href=\"https:\/\/restaurant-a2.com\/fichiers\/wp-content\/uploads\/2026\/04\/vue_table_floutee.jpg\"><figure class=\"swiper-slide-inner\"><img decoding=\"async\" class=\"swiper-slide-image\" src=\"https:\/\/restaurant-a2.com\/fichiers\/wp-content\/uploads\/2026\/04\/vue_table_floutee-225x300.jpg\" alt=\"vue_table_floutee\" \/><\/figure><\/a><\/div><div class=\"swiper-slide\" role=\"group\" aria-roledescription=\"slide\" aria-label=\"11 sur 12\"><a data-elementor-open-lightbox=\"yes\" data-elementor-lightbox-slideshow=\"dfe82a9\" data-elementor-lightbox-title=\"vue_table_porte\" data-e-action-hash=\"#elementor-action%3Aaction%3Dlightbox%26settings%3DeyJpZCI6MjYyOSwidXJsIjoiaHR0cHM6XC9cL3Jlc3RhdXJhbnQtYTIuY29tXC9maWNoaWVyc1wvd3AtY29udGVudFwvdXBsb2Fkc1wvMjAyNlwvMDRcL3Z1ZV90YWJsZV9wb3J0ZS5qcGciLCJzbGlkZXNob3ciOiJkZmU4MmE5In0%3D\" href=\"https:\/\/restaurant-a2.com\/fichiers\/wp-content\/uploads\/2026\/04\/vue_table_porte.jpg\"><figure class=\"swiper-slide-inner\"><img decoding=\"async\" class=\"swiper-slide-image\" src=\"https:\/\/restaurant-a2.com\/fichiers\/wp-content\/uploads\/2026\/04\/vue_table_porte-225x300.jpg\" alt=\"vue_table_porte\" \/><\/figure><\/a><\/div><div class=\"swiper-slide\" role=\"group\" aria-roledescription=\"slide\" aria-label=\"12 sur 12\"><a data-elementor-open-lightbox=\"yes\" data-elementor-lightbox-slideshow=\"dfe82a9\" data-elementor-lightbox-title=\"vue_verre_2\" data-e-action-hash=\"#elementor-action%3Aaction%3Dlightbox%26settings%3DeyJpZCI6MjYzMSwidXJsIjoiaHR0cHM6XC9cL3Jlc3RhdXJhbnQtYTIuY29tXC9maWNoaWVyc1wvd3AtY29udGVudFwvdXBsb2Fkc1wvMjAyNlwvMDRcL3Z1ZV92ZXJyZV8yLmpwZyIsInNsaWRlc2hvdyI6ImRmZTgyYTkifQ%3D%3D\" href=\"https:\/\/restaurant-a2.com\/fichiers\/wp-content\/uploads\/2026\/04\/vue_verre_2.jpg\"><figure class=\"swiper-slide-inner\"><img decoding=\"async\" class=\"swiper-slide-image\" src=\"https:\/\/restaurant-a2.com\/fichiers\/wp-content\/uploads\/2026\/04\/vue_verre_2-225x300.jpg\" alt=\"vue_verre_2\" \/><\/figure><\/a><\/div>\t\t\t<\/div>\n\t\t\t\t\t\t\t\t\t\t\t\t<div class=\"elementor-swiper-button elementor-swiper-button-prev\" role=\"button\" tabindex=\"0\">\n\t\t\t\t\t\t<i aria-hidden=\"true\" class=\"eicon-chevron-left\"><\/i>\t\t\t\t\t<\/div>\n\t\t\t\t\t<div class=\"elementor-swiper-button elementor-swiper-button-next\" role=\"button\" tabindex=\"0\">\n\t\t\t\t\t\t<i aria-hidden=\"true\" class=\"eicon-chevron-right\"><\/i>\t\t\t\t\t<\/div>\n\t\t\t\t\n\t\t\t\t\t\t\t\t\t<div class=\"swiper-pagination\"><\/div>\n\t\t\t\t\t\t\t\t\t<\/div>\n\t\t\t\t\t\t<\/div>\n\t\t\t\t<\/div>\n\t\t\t\t\t<\/div>\n\t\t<\/div>\n\t\t\t\t\t<\/div>\n\t\t<\/section>\n\t\t\t\t<\/div>\n\t\t","protected":false},"excerpt":{"rendered":"<p>Cot\u00e9 Restaurant A2 est un lieu de rencontre autour du go\u00fbt, du partage et de la simplicit\u00e9. Le midi, la cuisine se veut fra\u00eeche et \u00e9quilibr\u00e9e. Un menu du jour construit autour de produits de saison de nos producteurs locaux et d\u2019une d\u00e9marche aussi responsable que possible. Le soir, l\u2019atmosph\u00e8re devient plus libre et conviviale. [&hellip;]<\/p>\n","protected":false},"author":1,"featured_media":0,"parent":0,"menu_order":0,"comment_status":"closed","ping_status":"closed","template":"template\/full-width-template.php","meta":{"footnotes":""},"class_list":["post-842","page","type-page","status-publish","hentry"],"_links":{"self":[{"href":"https:\/\/restaurant-a2.com\/fichiers\/wp-json\/wp\/v2\/pages\/842","targetHints":{"allow":["GET"]}}],"collection":[{"href":"https:\/\/restaurant-a2.com\/fichiers\/wp-json\/wp\/v2\/pages"}],"about":[{"href":"https:\/\/restaurant-a2.com\/fichiers\/wp-json\/wp\/v2\/types\/page"}],"author":[{"embeddable":true,"href":"https:\/\/restaurant-a2.com\/fichiers\/wp-json\/wp\/v2\/users\/1"}],"replies":[{"embeddable":true,"href":"https:\/\/restaurant-a2.com\/fichiers\/wp-json\/wp\/v2\/comments?post=842"}],"version-history":[{"count":98,"href":"https:\/\/restaurant-a2.com\/fichiers\/wp-json\/wp\/v2\/pages\/842\/revisions"}],"predecessor-version":[{"id":2665,"href":"https:\/\/restaurant-a2.com\/fichiers\/wp-json\/wp\/v2\/pages\/842\/revisions\/2665"}],"wp:attachment":[{"href":"https:\/\/restaurant-a2.com\/fichiers\/wp-json\/wp\/v2\/media?parent=842"}],"curies":[{"name":"wp","href":"https:\/\/api.w.org\/{rel}","templated":true}]}}